{"id":52,"date":"2016-06-04T18:21:26","date_gmt":"2016-06-04T18:21:26","guid":{"rendered":"http:\/\/panorama-siviris.gr\/?page_id=52"},"modified":"2021-06-05T13:34:12","modified_gmt":"2021-06-05T13:34:12","slug":"location","status":"publish","type":"page","link":"https:\/\/www.panorama-siviris.gr\/sr\/location\/","title":{"rendered":"Lokacija"},"content":{"rendered":"<h2>Pla\u017ea u mestu Siviri<\/h2>\n<p><a href=\"https:\/\/www.panorama-siviris.gr\/wp-content\/uploads\/2016\/06\/cropped-G0220319-1200x900-1.jpg\"><img fetchpriority=\"high\" decoding=\"async\" class=\"aligncenter size-large wp-image-33\" src=\"https:\/\/www.panorama-siviris.gr\/wp-content\/uploads\/2016\/06\/cropped-G0220319-1200x900-1-1024x239.jpg\" alt=\"\" width=\"840\" height=\"196\" srcset=\"https:\/\/www.panorama-siviris.gr\/wp-content\/uploads\/2016\/06\/cropped-G0220319-1200x900-1-1024x239.jpg 1024w, https:\/\/www.panorama-siviris.gr\/wp-content\/uploads\/2016\/06\/cropped-G0220319-1200x900-1-300x70.jpg 300w, https:\/\/www.panorama-siviris.gr\/wp-content\/uploads\/2016\/06\/cropped-G0220319-1200x900-1-768x179.jpg 768w, https:\/\/www.panorama-siviris.gr\/wp-content\/uploads\/2016\/06\/cropped-G0220319-1200x900-1.jpg 1200w\" sizes=\"(max-width: 840px) 100vw, 840px\" \/><\/a><\/p>\n<p>Udaljena je 400 metara od hotelskog kompleksa. Velika pe\u0161\u010dana pla\u017ea sa plitkim morem, okru\u017eena borovom \u0161umom. Idealna za porodice sa malom decom. Veliki deo pla\u017ee koji se prote\u017ee uz \u0161etali\u0161te je organizovan, ali postoje i delovi sa slobodnim pristupom.<br \/>\nUz obalu, po \u010ditavoj du\u017eini \u0161etali\u0161ta, sme\u0161tene su taverne, restorani, picerije i kafe &#8211; barovi. U centru Sivirija postoje super marketi i raznovrsne radnje.<\/p>\n","protected":false},"excerpt":{"rendered":"<p>Pla\u017ea u mestu Siviri Udaljena je 400 metara od hotelskog kompleksa. Velika pe\u0161\u010dana pla\u017ea sa plitkim morem, okru\u017eena borovom \u0161umom. Idealna za porodice sa malom decom. Veliki deo pla\u017ee koji se prote\u017ee uz \u0161etali\u0161te je organizovan, ali postoje i delovi sa slobodnim pristupom. Uz obalu, po \u010ditavoj du\u017eini \u0161etali\u0161ta, sme\u0161tene su taverne, restorani, picerije i [&hellip;]<\/p>\n","protected":false},"author":1,"featured_media":0,"parent":0,"menu_order":0,"comment_status":"closed","ping_status":"closed","template":"","meta":{"_eb_attr":"","footnotes":""},"class_list":["post-52","page","type-page","status-publish","hentry"],"translation":{"provider":"WPGlobus","version":"3.0.0","language":"sr","enabled_languages":["el","en","sr"],"languages":{"el":{"title":true,"content":true,"excerpt":false},"en":{"title":true,"content":true,"excerpt":false},"sr":{"title":true,"content":true,"excerpt":false}}},"_links":{"self":[{"href":"https:\/\/www.panorama-siviris.gr\/sr\/wp-json\/wp\/v2\/pages\/52","targetHints":{"allow":["GET"]}}],"collection":[{"href":"https:\/\/www.panorama-siviris.gr\/sr\/wp-json\/wp\/v2\/pages"}],"about":[{"href":"https:\/\/www.panorama-siviris.gr\/sr\/wp-json\/wp\/v2\/types\/page"}],"author":[{"embeddable":true,"href":"https:\/\/www.panorama-siviris.gr\/sr\/wp-json\/wp\/v2\/users\/1"}],"replies":[{"embeddable":true,"href":"https:\/\/www.panorama-siviris.gr\/sr\/wp-json\/wp\/v2\/comments?post=52"}],"version-history":[{"count":5,"href":"https:\/\/www.panorama-siviris.gr\/sr\/wp-json\/wp\/v2\/pages\/52\/revisions"}],"predecessor-version":[{"id":205,"href":"https:\/\/www.panorama-siviris.gr\/sr\/wp-json\/wp\/v2\/pages\/52\/revisions\/205"}],"wp:attachment":[{"href":"https:\/\/www.panorama-siviris.gr\/sr\/wp-json\/wp\/v2\/media?parent=52"}],"curies":[{"name":"wp","href":"https:\/\/api.w.org\/{rel}","templated":true}]}}